{"id":314,"date":"2016-09-30T22:14:38","date_gmt":"2016-10-01T02:14:38","guid":{"rendered":"http:\/\/159.203.164.238\/?page_id=314"},"modified":"2018-10-05T08:07:40","modified_gmt":"2018-10-05T12:07:40","slug":"terms-of-use","status":"publish","type":"page","link":"https:\/\/www.iacctrainings.org\/es\/terms-of-use\/","title":{"rendered":"T\u00e9rminos de uso y Pol\u00edtica de Privacidad"},"content":{"rendered":"<h2>POL\u00cdTICA DE PRIVACIDAD<\/h2>\n<h3>ALCANCE DEL ACUERDO<\/h3>\n<p>LEA CUIDADOSAMENTE ESTOS T\u00c9RMINOS DE USO ANTES DE UTILIZAR ESTE SITIO. El acceso y el uso de\u00a0iacctrainings.org\u00a0(el \u201cSitio\u201d) est\u00e1 sujeto al cumplimiento que usted (\u201custed\u201d o el \u201cusuario\u201d) haga de los t\u00e9rminos y condiciones aqu\u00ed expuestos. Deber\u00e1 examinar detenidamente este documento antes de acceder o utilizar el Sitio. Al acceder al Sitio o utilizarlo, acepta regirse por los t\u00e9rminos y condiciones expuestos aqu\u00ed, y no deber\u00e1 acceder al Sitio o utilizarlo si no est\u00e1 de acuerdo con lo anterior.<\/p>\n<p>Este acuerdo de T\u00e9rminos de uso (\u201cAcuerdo\u201d) entre The International AntiCounterfeiting Coalition, Inc. (\u201cnosotros\u201d o \u201cIACC\u201d) y usted rige el uso del Sitio, junto a toda la informaci\u00f3n, los contenidos, los productos, los materiales y los servicios a su disposici\u00f3n a trav\u00e9s del mismo, tanto por nosotros como por terceros (que en conjunto con el Sitio se denominar\u00e1n como los \u201cServicios\u201d).<\/p>\n<p>Cuando hacemos referencia al \u201cuso\u201d de los Servicios en este Acuerdo, nos referimos a cualquier intento real o tentativa de intento de acceso a los Servicios o uso de estos, incluidos, entre otros, cualquier transmisi\u00f3n, intercambio de informaci\u00f3n o comunicaci\u00f3n asociados con los Servicios. Estos t\u00e9rminos y condiciones, junto a cualquier otra pol\u00edtica, reglamentaci\u00f3n y disposici\u00f3n descrita, vinculada o de otra manera que haga referencia o forme parte de este Acuerdo, incluida, entre otras, nuestra Pol\u00edtica de privacidad, constituyen el acuerdo integral entre usted y nosotros, que sustituye a todo entendimiento, representaci\u00f3n o acuerdo previo o inconsistente respecto de los Servicios.<\/p>\n<p>Podr\u00edamos a\u00f1adir, eliminar o modificar cualquiera de nuestros Servicios en cualquier momento a nuestra entera discreci\u00f3n. Tambi\u00e9n podr\u00edamos cambiar este Acuerdo en cualquier momento, y tales cambios entrar\u00e1n en vigor a partir de la publicaci\u00f3n de estos en el Sitio (la \u201cfecha de entrada en vigor\u201d). Puede obtener una copia actualizada de este Acuerdo en cualquier momento en nuestro Sitio. Si encuentra un cambio que no pueda aceptar, deber\u00e1 dejar de utilizar los Servicios. En caso de utilizar los Servicios a partir de la fecha de entrada en vigor, manifestar\u00e1 su aceptaci\u00f3n de estos cambios. En caso de contar con nuevos productos o servicios, se considerar\u00e1n como parte de los Servicios, y al utilizarlos se regir\u00e1 por los t\u00e9rminos y condiciones de este Acuerdo, a menos que le notifiquemos que aplican otros t\u00e9rminos y condiciones. Tambi\u00e9n deber\u00e1 cumplir cualquier otro de los t\u00e9rminos adicionales que aplican al contenido, el material, la informaci\u00f3n, el software o los servicios de terceros.<\/p>\n<p><strong>1. INFORMACI\u00d3N; CONTRASE\u00d1AS<\/strong><\/p>\n<p>Es posible que solicitemos que nos proporcione cierta informaci\u00f3n de su parte para acceder a ciertas funciones y caracter\u00edsticas de los Servicios y utilizarlas, incluidos, entre otros, su nombre o el nombre de su compa\u00f1\u00eda, direcci\u00f3n, n\u00famero(s) telef\u00f3nico(s), direcci\u00f3n de correo electr\u00f3nico, o los datos de pago correspondientes a los Servicios (p.\u00a0ej., n\u00famero de tarjeta de cr\u00e9dito, direcci\u00f3n de correo electr\u00f3nico y fecha de vencimiento) (en conjunto, su \u00abInformaci\u00f3n\u00bb). Usted manifiesta, declara y garantiza ante nosotros que toda la informaci\u00f3n o los datos que nos brinda son y ser\u00e1n veraces, precisos y completos al momento, y que al proporcionarnos esta informaci\u00f3n no omitir\u00e1 ni tergiversar\u00e1 intencionadamente cualquier informaci\u00f3n o hechos significativos. Asimismo, usted nos autoriza y nos brinda su consentimiento a fin de verificar su informaci\u00f3n, seg\u00fan corresponda, para el uso de los Servicios y el acceso a ellos.<\/p>\n<p>Ciertas caracter\u00edsticas y funciones de los Servicios no est\u00e1n disponibles de manera general al p\u00fablico. Es posible que le solicitemos introducir un nombre de usuario y una contrase\u00f1a \u00fanicos para acceder a tales caracter\u00edsticas y funciones, y utilizarlas. Adem\u00e1s, en ciertas ocasiones, podr\u00eda recibir c\u00f3digos o contrase\u00f1as adicionales de parte de nosotros o de terceros para completar ciertas transacciones u acceder a los Servicios. Su nombre de usuario, contrase\u00f1a y cualquier otro c\u00f3digo o contrase\u00f1a adicional se denominar\u00e1n en conjunto \u00abID\u00bb. Sus ID son para uso personal. Usted acepta no permitir, bajo ninguna circunstancia, que otra persona utilice sus ID para acceder a los Servicios y utilizarlos.<\/p>\n<p>Usted es el \u00fanico responsable de mantener la estricta confidencialidad de sus ID, y de cualquier cargo, da\u00f1o responsabilidad o p\u00e9rdida que resulte o sufra en caso de no cumplimiento. No somos responsables de ning\u00fan da\u00f1o causado por, o relacionado con, el robo de sus ID, la divulgaci\u00f3n de sus ID y su autorizaci\u00f3n de permitir que otra persona acceda a los Servicios y los utilice con su ID. Usted acepta notificarnos de inmediato tras enterarse de cualquier uso no autorizado de sus ID, o de la necesidad de desactivar una ID debido a inquietudes relacionadas con la seguridad.<\/p>\n<p><strong>2. ACCESO A LOS SERVICIOS Y USO DE ESTOS<\/strong><\/p>\n<p>No podr\u00e1 utilizar, o permitir que otros utilicen, sus ID o los Servicios, de manera directa o indirecta, ni cargar, distribuir, transmitir, comunicar, crear un enlace a, publicar o acceder a ninguna informaci\u00f3n, datos o materiales a trav\u00e9s del uso de los Servicios o en conexi\u00f3n con estos, que: (a) sea calumnioso, difamatorio, vulgar u obsceno, pornogr\u00e1fico, ofensivo o expl\u00edcito sexualmente, da\u00f1ino o acosador, amenazador, que provoque odio racial, cultural, \u00e9tnico o de car\u00e1cter ofensivo o inaceptable; (b) infrinja cualquier ley o normativa, o los derechos de otras personas; (c) ejerza coerci\u00f3n, angustia o incomodidad a los dem\u00e1s, o que pueda disuadir o desalentar al uso de los Servicios; o (d) infrinja la propiedad intelectual, derechos de propiedad u obligaciones de confidencialidad de los dem\u00e1s. Usted es el \u00fanico responsable por este tipo de actividad, comportamiento, uso y conducta. No asumimos responsabilidad alguna y usted asume el riesgo exclusivo y \u00fanico asociado con el uso, o la dependencia, de la exactitud, calidad, integridad, confiabilidad o utilidad de la informaci\u00f3n, los datos o los materiales en conexi\u00f3n con sus ID.<\/p>\n<p>Tampoco deber\u00e1 utilizar, ni permitir a los dem\u00e1s el uso, de sus ID y los Servicios, de manera directa o indirecta, para realizar lo siguiente: (a) intentar o lograr alterar, impedir o interferir, alterar o modificar los Servicios o cualquier informaci\u00f3n, datos o materiales publicados o mostrados por nosotros o alguien m\u00e1s; (b) actuar de una manera que afecte o refleje de manera negativa nuestra imagen, la de alguien m\u00e1s o los Servicios; (c) recabar o intentar recabar cualquier informaci\u00f3n de las personas, incluida, entre otras, la informaci\u00f3n de car\u00e1cter personal, sin el consentimiento previo de las partes. Usted acepta acatar todas las leyes, los estatutos, las reglas y las normativas locales, estatales y federales, as\u00ed como los tratados internacionales, que se aplican al uso que hace de los Servicios.<\/p>\n<p>Est\u00e1 prohibida la violaci\u00f3n, o el intento de violaci\u00f3n, de la seguridad de los Servicios, incluido, entre otros: (a) el acceso a la informaci\u00f3n que no est\u00e1 destinada a usted, o el inicio de sesi\u00f3n en una cuenta o un dispositivo procesador, de comunicaciones o de acceso, a los cuales no tenga autorizaci\u00f3n para acceder; (b) el intento de probar, realizar un escaneo o una prueba de la vulnerabilidad de los Servicios, o de infringir las medidas de seguridad o autenticaci\u00f3n, sin importar sus motivos o intenciones; (c) el intento de interferir o alterar los Servicios o el servicio de cualquier usuario, procesador, servidor o red, incluido, entre otros, el env\u00edo de virus, gusanos o troyanos; o (d) el env\u00edo de correos electr\u00f3nicos u otra informaci\u00f3n no solicitada, incluidas las promociones y la publicidad. Las violaciones a la seguridad de la red o los sistemas, o a este Acuerdo, podr\u00edan llevar a responsabilidades civiles o penales. Tenemos el derecho de investigar los casos que puedan involucrar tales violaciones, as\u00ed como involucrar y brindar informaci\u00f3n a las autoridades judiciales y cooperar con estas en el procesamiento de los usuarios involucrados en tales violaciones.<\/p>\n<p><strong>3. SERVICIOS INTERACTIVOS<\/strong><\/p>\n<p>En relaci\u00f3n con el uso de los Servicios, usted puede acceder a grupos de discusi\u00f3n, salas de chat, tableros de anuncios y otras caracter\u00edsticas interactivas (\u201cServicios interactivos\u201d) y utilizarlos. Al participar en cualquiera de los Servicios interactivos o utilizarlos, usted es responsable de cualquier informaci\u00f3n, datos, texto, programas, m\u00fasica, sonidos, fotograf\u00edas, gr\u00e1ficos, videos, mensajes u otros materiales (\u201cContenido\u201d) que usted carga, publica, vincula o transmite (en conjunto \u201ctransmitir\u201d) y las consecuencias que resulten de esto. Al decidir transmitir cualquier tipo de Contenido mediante estos Servicios interactivos, acepta hacerlo exclusivamente con fines leg\u00edtimos y en conformidad con todas las leyes vigentes. Acepta de manera expresa que nosotros no tenemos responsabilidad ni control alguno sobre el Contenido que usted decida transmitir mediante estos Servicios interactivos. No formulamos ninguna declaraci\u00f3n que indique que el uso que usted haga de los Servicios interactivos cumple con las leyes vigentes, ni que estos fueron dise\u00f1ados para cumplir con las leyes vigentes. Adem\u00e1s, no declaramos ni garantizamos la fidelidad, exactitud, calidad o confiabilidad de ninguno de los Contenidos publicados, mostrados, vinculados o transmitidos de otro modo mediante cualquiera de los Servicios interactivos. Tampoco respaldamos ninguna de las opiniones expresadas en cualquiera de los Servicios interactivos. Usted est\u00e1 de acuerdo con que debe evaluar el uso de cualquiera de los Contenidos, y asumir todos los riesgos asociados con este, incluida cualquier dependencia en la exactitud, integridad o utilidad de tales Contenidos.<\/p>\n<p>Si bien no monitoreamos, regulamos ni pre-evaluamos el uso que hace de los Servicios, nos reservamos el derecho incondicional (pero no la obligaci\u00f3n) de eliminar, mover o editar cualquier Contenido que consideremos da\u00f1ino, ofensivo, o disruptivo; o bien, que viole las leyes, regulaciones o cualquier acuerdo, incluido, entre otros, aquel que est\u00e9 o pueda estar en violaci\u00f3n de este Acuerdo. No asumimos responsabilidad ante usted ni ninguna otra persona o entidad por el desempe\u00f1o de estas actividades de monitoreo, ni por la ausencia de estas.<br \/>\nPor el presente documento, usted nos otorga la licencia perpetua, no exclusiva, mundial y libre de pago de regal\u00edas, para sublicenciar, reproducir, distribuir, transmitir, crear obras derivadas, mostrar de manera p\u00fablica y reproducir p\u00fablicamente cualquier contenido que env\u00ede mediante los Servicios interactivos, por cualquiera de los medios y en cualquier medio conocido en la actualidad, o que pueda desarrollarse en un futuro para cualquier uso o prop\u00f3sito.<\/p>\n<p><strong>4. PROPIEDAD INTELECTUAL<\/strong><\/p>\n<p>Los elementos que se muestran, o que est\u00e1n disponibles mediante los Servicios (de manera directa o indirecta) incluidos, entre otros, todos los textos, gr\u00e1ficos, im\u00e1genes, logotipos, \u00edconos de botones, programas, y otros datos, contenido, informaci\u00f3n y materiales, tangibles e intangibles, y todos los derechos de propiedad intelectual en y para los mismos (el \u00abMaterial\u00bb), son propiedad nuestra o contamos con la licencia de estos. Usted no tiene derechos sobre tales Materiales, y no utilizar\u00e1 ninguno de los Materiales, excepto en los casos permitidos espec\u00edficamente bajo este Acuerdo. A menos que se especifique de otra manera en lo dispuesto en el Sitio, o que le otorguemos el permiso por escrito, solo podr\u00e1 utilizar, descargar y copiar el Material o acceder a este (e imprimir una copia simple) para su propio uso, y no podr\u00e1 alterar, borrar o tapar nuestros derechos de autor, propiedad y otros avisos en el Material. No podr\u00e1 hacer con el Material ninguna acci\u00f3n que no est\u00e9 espec\u00edficamente permitida en este Acuerdo, ni permitir que nadie m\u00e1s lo haga. Reconoce y acepta que el Material est\u00e1 disponible exclusivamente con fines informativos y de educaci\u00f3n, sin declaraci\u00f3n ni garant\u00eda de ning\u00fan tipo, que no sustituye al asesoramiento jur\u00eddico o a su juicio profesional y que, a menos que se especifique de otra manera en el Sitio, no deber\u00e1 constituir un respaldo o una representaci\u00f3n de las opiniones de IACC. No proporcionamos asesoramiento jur\u00eddico. Usted asume el riesgo derivado de la dependencia del Material obtenido por usted en los Servicios, o mediante estos. Acepta cumplir con todos los avisos y requerimientos que acompa\u00f1an a los Materiales de terceros. Nos reservamos todos los derechos no otorgados de manera expresa en este Acuerdo.<\/p>\n<p><strong>5. ENLACES<\/strong><\/p>\n<p>El Sitio puede contener o brindar enlaces a otros recursos o sitios web. Debido a que no tenemos control sobre tales recursos o sitios, usted reconoce y acepta que no somos responsables por la disponibilidad de tales recursos o sitios externos, y que no apoyamos ni somos responsables de cualquier Contenido, publicidad, productos, servicios u otros materiales que se encuentren o est\u00e9n disponibles en tales sitios o recursos. La IACC no es responsable por difundir por la Web o de ninguna otra forma de transmisi\u00f3n recibida de ninguno de los sitios vinculados. Adem\u00e1s, usted reconoce y acepta que no seremos responsables, de manera directa o indirecta, por cualquier da\u00f1o o p\u00e9rdida causados o supuestamente causados por o en conexi\u00f3n con el uso o la dependencia de tales Contenidos, bienes o servicios disponibles en o a trav\u00e9s de cualquiera de los sitios o recursos.<\/p>\n<p><strong>6. EXCLUSI\u00d3N DE GARANT\u00cdAS<\/strong><\/p>\n<p>EL SITIO Y LOS SERVICIOS SE OFRECEN A USTED CON BASE EN SU \u00abCONDICI\u00d3N ACTUAL\u00bb Y A SU \u00abDISPONIBILIDAD\u00bb, Y EL USO QUE HAGA USTED DE ESTOS SER\u00c1 COMPLETAMENTE BAJO SU PROPIO RIESGO. EXCEPTO QUE SE DISPONGA ESPEC\u00cdFICAMENTE EN ESTE ACUERDO, NO REALIZAMOS DECLARACIONES NI OFRECEMOS NINGUNA GARANT\u00cdA RESPECTO DEL SITIO Y LOS SERVICIOS, O DEL ACCESO O USO DE NINGUNO DE LOS ANTERIORES, YA SEA EXPRESO O IMPL\u00cdCITO, INCLUIDOS, ENTRE OTROS ASPECTOS, LAS GARANT\u00cdAS IMPL\u00cdCITAS DE QUE EL PRODUCTO EST\u00c1 EN CONDICIONES APTAS PARA LA VENTA, DE SU APTITUD PARA UN PROP\u00d3SITO EN PARTICULAR, T\u00cdTULO, O NO VIOLACI\u00d3N, O CUALQUIER GARANT\u00cdA QUE SE DERIVE DEL CURSO DE LAS TRANSACCIONES O PR\u00c1CTICAS COMERCIALES. NO DECLARAMOS NI GARANTIZAMOS QUE NINGUNO DE LOS MATERIALES, CONTENIDOS, PRODUCTOS O SERVICIOS MOSTRADOS U OFRECIDOS EN EL SITIO O NUESTROS SERVICIOS SEAN PRECISOS, COMPLETOS, APROPIADOS, CONFIABLES U OPORTUNOS. TAMPOCO DECLARAMOS NI GARANTIZAMOS QUE LOS SERVICIOS CUMPLIR\u00c1N CON SUS REQUISITOS, O QUE EL ACCESO AL SITIO Y LOS SERVICIOS Y EL USO DE ESTOS SER\u00c1N ININTERRUMPIDOS O LIBRES DE ERRORES, VIRUS, C\u00d3DIGOS MALICIOSOS U OTROS COMPONENTES DA\u00d1INOS, NI QUE SER\u00c1N SEGUROS. ALGUNAS JURISDICCIONES NO PERMITEN LA EXCLUSI\u00d3N DE CIERTAS GARANT\u00cdAS. EN CONSECUENCIA, ES POSIBLE QUE ALGUNAS DE LAS EXCLUSIONES ANTERIORES NO SE APLIQUEN A SU CASO.<\/p>\n<p><strong>7. LIMITACI\u00d3N DE RESPONSABILIDAD Y EXENCI\u00d3N<\/strong><\/p>\n<p>HASTA EL GRADO M\u00c1XIMO QUE PERMITA LA LEY, NI LA IACC, SUS PROVEEDORES, SOCIOS, AFILIADOS O PROVEEDORES DE SERVICIO EXTERNOS SER\u00c1N RESPONSABLES ANTE USTED O TERCEROS POR CUALQUIERA DE LOS DA\u00d1OS Y PERJUICIOS DIRECTOS, INDIRECTOS, FORTUITOS, ESPECIALES, EJEMPLARES, PUNITIVOS O CONSECUENTES, INCLUIDOS, ENTRE OTROS, LOS DA\u00d1OS POR P\u00c9RDIDA DE USO, DATOS O GANANCIAS, QUE SE DERIVEN EN ALGUNA MANERA POR O EN CONEXI\u00d3N CON ESTE ACUERDO, O EL USO QUE HAGA DEL SITIO Y LOS SERVICIOS, CON EL RETRASO O LA INCAPACIDAD DE UTILIZAR EL SITIO O LOS SERVICIOS, CON LA DISPOSICI\u00d3N O LA AUSENCIA EN LA PROVISI\u00d3N DE SERVICIOS, O QUE SE DERIVAN DEL USO DEL SITIO, SIN IMPORTAR LA FORMA DE ACCI\u00d3N O LA BASE DE LA RECLAMACI\u00d3N, O SI LA IACC HA SIDO NOTIFICADA O NO SOBRE LA POSIBILIDAD DE TALES DA\u00d1OS. ALGUNAS JURISDICCIONES NO PERMITEN LA LIMITACI\u00d3N O EXCLUSI\u00d3N DE RESPONSABILIDAD POR LOS DA\u00d1OS INCIDENTALES O CONSECUENTES. EN CONSECUENCIA, ES POSIBLE QUE ALGUNAS DE LAS LIMITACIONES ANTERIORES NO SE APLIQUEN A SU CASO. SI NO EST\u00c1 SATISFECHO CON CUALQUIER PARTE DEL SITIO O CON CUALQUIERA DE ESTOS T\u00c9RMINOS DE USO, SU \u00daNICA OPCI\u00d3N ES DEJAR DE UTILIZAR EL SITIO. EN CASO DE TENER UNA DISPUTA CON UNO O M\u00c1S TERCEROS COMO RESULTADO DEL USO QUE HAGA DEL MATERIAL O LOS SERVICIOS, O QUE RESULTE EN DA\u00d1O DE ALGUNA MANERA POR CUALQUIER TERCERO EN CONEXI\u00d3N CON ELLO, USTED EXIME DE RESPONSABILIDAD Y ACEPTA POR EL PRESENTE DOCUMENTO NO DEMANDAR O PRESENTAR UNA RECLAMACI\u00d3N, DEMANDA O ENTABLAR NINGUNA ACCI\u00d3N LEGAL, O CUALQUIER PROCEDIMIENTO LEGAL O NORMATIVO EN CONTRA DE NOSOTROS, NUESTROS AFILIADOS, EMPLEADOS, DIRECTORES, AGENTES, REPRESENTANTES Y PROVEEDORES, POR CUALQUIER RECLAMACI\u00d3N, ACCIONES, DEMANDAS O DA\u00d1OS (YA SEAN DIRECTOS, INDIRECTOS, ESPECIALES, INCIDENTALES O CONSECUENTES), O DE CUALQUIER TIPO, CONOCIDO O NO, PROBABLE O NO PROBABLE, PREVISIBLE O NO, DECLARADO O NO DECLARADO.<\/p>\n<p><strong>8. INDEMNIZACI\u00d3N<\/strong><\/p>\n<p>Usted acepta defendernos, indemnizarnos y eximirnos de responsabilidad contra cualquier p\u00e9rdida, gasto, costo o da\u00f1o (incluidos los honorarios razonables de nuestros abogados, expertos y otros costos de litigio razonables) que se deriven, sean resultado o est\u00e9n relacionados de otro modo con cualquier reclamaci\u00f3n o acci\u00f3n basada en (a) el no cumplimiento por su parte de los t\u00e9rminos y servicios de este Acuerdo, (b) el uso de los Servicios, o (c) el uso de los Servicios por cualquier otra persona que utilice sus ID. En caso de ser necesario, es posible que participemos en defensa de tal reclamo o acci\u00f3n, y en cualquiera de las negociaciones para lograr un compromiso o acuerdo. No deber\u00e1 establecerse sin nuestra autorizaci\u00f3n previa por escrito ning\u00fan acuerdo que pueda afectar de manera adversa nuestros derechos u obligaciones. Nos reservamos el derecho, a costa nuestra y con notificaci\u00f3n a usted, para asumir la defensa exclusiva y el control de cualquier reclamaci\u00f3n o acci\u00f3n, y posteriormente terminar\u00e1 su obligaci\u00f3n de su indemnizaci\u00f3n correspondiente.<\/p>\n<p><strong>9. RESCISI\u00d3N<\/strong><\/p>\n<p>Podemos rescindir, restringir, suspender o terminar este Acuerdo, as\u00ed como el acceso al uso de los Servicios de manera inmediata y sin notificaci\u00f3n de responsabilidad, con o sin causa, y esto no limitar\u00e1 ninguno de los dem\u00e1s derechos o recursos disponibles para nosotros. Usted puede rescindir este Acuerdo al proporcionarnos un aviso por escrito donde especifique la rescisi\u00f3n y el cese del uso o acceso a los Servicios. La rescisi\u00f3n es su derecho \u00fanico y exclusivo en caso de no estar satisfecho con nuestros Servicios. Al momento de la fecha de entrada en vigor de tal rescisi\u00f3n, cesar\u00e1 de inmediato su derecho a acceder y utilizar los Servicios.<\/p>\n<p><strong>10. INTERPRETACI\u00d3N Y LEGISLACI\u00d3N APLICABLE<\/strong><\/p>\n<p>Este acuerdo, y el uso que haga del Sitio y los Servicios, se interpretar\u00e1 bajo las leyes sustanciales del estado de Nueva York, excluidas sus normas sobre conflictos de leyes. Usted acepta que la jurisdicci\u00f3n y sede exclusivas para cualquier controversia con la IACC o cualquiera de sus afiliados, funcionarios, directores, empleados, contratistas, agentes, representantes o proveedores respectivos, que se origine como resultado de este Acuerdo, deber\u00e1 permanecer en los tribunales estatales y federales del condado de Nueva York, estado de Nueva York. Usted expresa su acuerdo al ejercicio de la jurisdicci\u00f3n personal por tales tribunales, y acepta que no impugnar\u00e1 la jurisdicci\u00f3n ni la sede en tales tribunales sobre la base de una ausencia de jurisdicci\u00f3n personal, tribunal inconveniente u otros. Este Acuerdo no podr\u00e1 ser modificado por nadie, excepto por escrito y firmado por un oficial autorizado por la IACC. Ning\u00fan error o retraso en el cumplimiento de cualquier disposici\u00f3n, ejercicio de cualquier opci\u00f3n o la solicitud de rendimiento deber\u00e1n considerarse una exenci\u00f3n de ese o cualquier otro derecho en conexi\u00f3n con este Acuerdo. Usted no podr\u00e1 ceder sus derechos en virtud de este Acuerdo sin nuestro permiso previo por escrito, y cualquier intento por hacerlo quedar\u00e1 invalidado. En caso de considerar como no v\u00e1lido, ilegal o no exigible cualquiera de los t\u00e9rminos de este Acuerdo, las partes restantes no deber\u00e1n verse afectadas. Cualquiera de las disposiciones de este Acuerdo, que por su naturaleza deben seguir vigentes tras la rescisi\u00f3n de este Acuerdo para poder ejecutar su significado, deber\u00e1n seguir vigentes a tal rescisi\u00f3n. Si se determina que cualquiera de las partes de este Acuerdo no es v\u00e1lida o no es exigible de acuerdo con la ley vigente, incluidos entre otros, las exenciones de garant\u00eda y las limitaciones de responsabilidad mencionadas anteriormente, entonces la disposici\u00f3n inv\u00e1lida o no exigible ser\u00e1 reemplazada por la disposici\u00f3n v\u00e1lida y exigible que m\u00e1s se asemeje a la disposici\u00f3n original, y el resto del acuerdo deber\u00e1 seguir en efecto.<\/p>\n<p><strong>11. RECLAMACIONES DE DERECHOS DE AUTOR<\/strong><\/p>\n<p>La IACC respeta los derechos de propiedad intelectual de los dem\u00e1s. La IACC podr\u00e1, bajo las circunstancias adecuadas y a su discreci\u00f3n, deshabilitar o terminar el acceso al Sitio o el uso de este para los usuarios que infrinjan los derechos de propiedad intelectual de los dem\u00e1s. Si usted considera que su trabajo ha sido copiado en una manera que infrinja los derechos de autor, brinde a la IACC [iacc@iacc.org] la informaci\u00f3n especificada a continuaci\u00f3n. Tome en cuenta que este procedimiento es exclusivamente para notificar a la IACC acerca de una infracci\u00f3n en sus materiales con derechos de autor.<\/p>\n<p>Una firma f\u00edsica o electr\u00f3nica de la persona autorizada para actuar en representaci\u00f3n del propietario de los intereses con derechos de autor; una descripci\u00f3n de la obra bajo los derechos de autor que han sido infringidos;<\/p>\n<p>Una descripci\u00f3n de d\u00f3nde se ubica en el Sitio la parte del material que usted afirma infringe la ley; su direcci\u00f3n n\u00famero de tel\u00e9fono y direcci\u00f3n de correo electr\u00f3nico; una declaraci\u00f3n hecha por usted donde afirma de buena fe que el uso en disputa no est\u00e1 autorizado por el propietario de los derechos de autor, su agente, o la ley; una declaraci\u00f3n hecha por usted, bajo pena de perjurio, en donde afirme que la informaci\u00f3n anterior en su nota es precisa y que usted es el propietario de los derechos de autor, o que est\u00e1 autorizado para representar al due\u00f1o de los derechos de autor. Podr\u00e1 ponerse en contacto con el agente de la IACC para la notificaci\u00f3n de reclamos de infracci\u00f3n a los derechos de autor en la siguiente direcci\u00f3n: Travis Johnson, vicepresidente, IACC, 727 15th Street NW\u200b, 9th Floor, Washington, D.C. 20005\u200b, o por correo electr\u00f3nico a\u00a0iacc@iacc.org<\/p>\n<p><strong>12. AVISOS DE DERECHOS DE AUTOR Y MARCAS COMERCIALES<\/strong><\/p>\n<p>Todos los contenidos del Sitio cuentan con: Derechos de autor 2010 de The International AntiCounterfeiting Coalition, Inc. y\/o sus proveedores. Todos los derechos reservados.<\/p>\n<p><strong>13. MARCAS COMERCIALES<\/strong><\/p>\n<p>Los nombres de las compa\u00f1\u00edas y productos reales que se mencionan en el presente documento podr\u00edan ser las marcas comerciales de sus respectivos propietarios.<\/p>\n<p>Las compa\u00f1\u00edas, las organizaciones, los productos, las personas y los eventos mencionados aqu\u00ed como ejemplos tienen car\u00e1cter ficticio.<\/p>\n<p>Ninguna asociaci\u00f3n con cualquier compa\u00f1\u00eda, organizaci\u00f3n, producto o persona es intencional, ni deber\u00e1 inferirse. Quedan reservados los derechos no asumidos expresamente en este documento.<\/p>\n","protected":false},"excerpt":{"rendered":"<p>POL\u00cdTICA DE PRIVACIDAD ALCANCE DEL ACUERDO LEA CUIDADOSAMENTE ESTOS T\u00c9RMINOS DE USO ANTES DE UTILIZAR ESTE SITIO. El acceso y el uso de\u00a0iacctrainings.org\u00a0(el \u201cSitio\u201d) est\u00e1 sujeto al cumplimiento que usted (\u201custed\u201d o el \u201cusuario\u201d) haga de los t\u00e9rminos y condiciones aqu\u00ed expuestos. Deber\u00e1 examinar detenidamente este documento antes de acceder o utilizar el Sitio. Al [&hellip;]<\/p>\n","protected":false},"author":1,"featured_media":0,"parent":0,"menu_order":0,"comment_status":"closed","ping_status":"closed","template":"","meta":{"_monsterinsights_skip_tracking":false,"_monsterinsights_sitenote_active":false,"_monsterinsights_sitenote_note":"","_monsterinsights_sitenote_category":0,"footnotes":""},"class_list":["post-314","page","type-page","status-publish","hentry"],"_links":{"self":[{"href":"https:\/\/www.iacctrainings.org\/es\/wp-json\/wp\/v2\/pages\/314","targetHints":{"allow":["GET"]}}],"collection":[{"href":"https:\/\/www.iacctrainings.org\/es\/wp-json\/wp\/v2\/pages"}],"about":[{"href":"https:\/\/www.iacctrainings.org\/es\/wp-json\/wp\/v2\/types\/page"}],"author":[{"embeddable":true,"href":"https:\/\/www.iacctrainings.org\/es\/wp-json\/wp\/v2\/users\/1"}],"replies":[{"embeddable":true,"href":"https:\/\/www.iacctrainings.org\/es\/wp-json\/wp\/v2\/comments?post=314"}],"version-history":[{"count":0,"href":"https:\/\/www.iacctrainings.org\/es\/wp-json\/wp\/v2\/pages\/314\/revisions"}],"wp:attachment":[{"href":"https:\/\/www.iacctrainings.org\/es\/wp-json\/wp\/v2\/media?parent=314"}],"curies":[{"name":"wp","href":"https:\/\/api.w.org\/{rel}","templated":true}]}}