{"id":322,"date":"2016-09-30T22:17:05","date_gmt":"2016-10-01T02:17:05","guid":{"rendered":"http:\/\/159.203.164.238\/?page_id=322"},"modified":"2026-03-25T15:14:44","modified_gmt":"2026-03-25T19:14:44","slug":"resources","status":"publish","type":"page","link":"https:\/\/www.iacctrainings.org\/es\/portal\/resources\/","title":{"rendered":"Recursos"},"content":{"rendered":"<p>Esta p\u00e1gina es un suplemento a nuestro USB, nuestra aplicaci\u00f3n y CD de entrenamiento que usted puede haber recibido en nuestras sesiones de entrenamiento mensuales. Las empresas actualizan y suben nueva informaci\u00f3n a medida que se lanzan nuevos elementos o se introducen funciones de seguridad. Por favor revise esta p\u00e1gina frecuentemente, ya hay varias actualizaciones despu\u00e9s del 1 de enero de cada a\u00f1o. Esta p\u00e1gina tambi\u00e9n tendr\u00e1 contenido como v\u00eddeos y materiales complementarios que no se encuentran en otros formatos. Aunque estaremos enviando correos electr\u00f3nicos, le pedimos que revise esta p\u00e1gina frecuentemente para ver qu\u00e9 hay de nuevo.<\/p>\n","protected":false},"excerpt":{"rendered":"<p>Esta p\u00e1gina es un suplemento a nuestro USB, nuestra aplicaci\u00f3n y CD de entrenamiento que usted puede haber recibido en nuestras sesiones de entrenamiento mensuales. Las empresas actualizan y suben nueva informaci\u00f3n a medida que se lanzan nuevos elementos o se introducen funciones de seguridad. Por favor revise esta p\u00e1gina frecuentemente, ya hay varias actualizaciones [&hellip;]<\/p>\n","protected":false},"author":1,"featured_media":7421,"parent":318,"menu_order":2,"comment_status":"closed","ping_status":"closed","template":"","meta":{"_monsterinsights_skip_tracking":false,"_monsterinsights_sitenote_active":false,"_monsterinsights_sitenote_note":"","_monsterinsights_sitenote_category":0,"footnotes":""},"class_list":["post-322","page","type-page","status-publish","has-post-thumbnail","hentry"],"_links":{"self":[{"href":"https:\/\/www.iacctrainings.org\/es\/wp-json\/wp\/v2\/pages\/322","targetHints":{"allow":["GET"]}}],"collection":[{"href":"https:\/\/www.iacctrainings.org\/es\/wp-json\/wp\/v2\/pages"}],"about":[{"href":"https:\/\/www.iacctrainings.org\/es\/wp-json\/wp\/v2\/types\/page"}],"author":[{"embeddable":true,"href":"https:\/\/www.iacctrainings.org\/es\/wp-json\/wp\/v2\/users\/1"}],"replies":[{"embeddable":true,"href":"https:\/\/www.iacctrainings.org\/es\/wp-json\/wp\/v2\/comments?post=322"}],"version-history":[{"count":2,"href":"https:\/\/www.iacctrainings.org\/es\/wp-json\/wp\/v2\/pages\/322\/revisions"}],"predecessor-version":[{"id":14539,"href":"https:\/\/www.iacctrainings.org\/es\/wp-json\/wp\/v2\/pages\/322\/revisions\/14539"}],"up":[{"embeddable":true,"href":"https:\/\/www.iacctrainings.org\/es\/wp-json\/wp\/v2\/pages\/318"}],"wp:featuredmedia":[{"embeddable":true,"href":"https:\/\/www.iacctrainings.org\/es\/wp-json\/wp\/v2\/media\/7421"}],"wp:attachment":[{"href":"https:\/\/www.iacctrainings.org\/es\/wp-json\/wp\/v2\/media?parent=322"}],"curies":[{"name":"wp","href":"https:\/\/api.w.org\/{rel}","templated":true}]}}