{"id":324,"date":"2016-09-30T22:18:28","date_gmt":"2016-10-01T02:18:28","guid":{"rendered":"http:\/\/159.203.164.238\/?page_id=324"},"modified":"2018-10-02T19:00:09","modified_gmt":"2018-10-02T23:00:09","slug":"welcome","status":"publish","type":"page","link":"https:\/\/www.iacctrainings.org\/es\/","title":{"rendered":"Bienvenido"},"content":{"rendered":"<p>Bienvenido a la p\u00e1gina de entrenamiento de IACC para los funcionarios de la ley.<\/p>\n<p>El contenido de esta p\u00e1gina es confidencial y est\u00e1 creado para el uso exclusivo de los funcionarios de la ley. Esta p\u00e1gina consiste de informaci\u00f3n sobre anti-falsificaci\u00f3n, e informa sobre actualizaciones de poseedores de derecho de autor y marcas registradas. La p\u00e1gina contin\u00faa evolucionando a medida que se a\u00f1aden caracter\u00edsticas basadas en sus sugerencias.<\/p>\n<p>Le recordamos que no comparta sus credenciales de acceso con otras personas, a fin de mantener la seguridad y la integridad de este entrenamiento. Reservamos el derecho de rescindir el acceso para aquellos usuarios que violan esta pol\u00edtica. El contenido de esta p\u00e1gina es para el uso exclusivo de la aplicaci\u00f3n de la ley, y no para el p\u00fablico.<\/p>\n","protected":false},"excerpt":{"rendered":"<p>Bienvenido a la p\u00e1gina de entrenamiento de IACC para los funcionarios de la ley. El contenido de esta p\u00e1gina es confidencial y est\u00e1 creado para el uso exclusivo de los funcionarios de la ley. Esta p\u00e1gina consiste de informaci\u00f3n sobre anti-falsificaci\u00f3n, e informa sobre actualizaciones de poseedores de derecho de autor y marcas registradas. La [&hellip;]<\/p>\n","protected":false},"author":1,"featured_media":0,"parent":0,"menu_order":0,"comment_status":"closed","ping_status":"closed","template":"homepage.php","meta":{"_monsterinsights_skip_tracking":false,"_monsterinsights_sitenote_active":false,"_monsterinsights_sitenote_note":"","_monsterinsights_sitenote_category":0,"footnotes":""},"class_list":["post-324","page","type-page","status-publish","hentry"],"_links":{"self":[{"href":"https:\/\/www.iacctrainings.org\/es\/wp-json\/wp\/v2\/pages\/324","targetHints":{"allow":["GET"]}}],"collection":[{"href":"https:\/\/www.iacctrainings.org\/es\/wp-json\/wp\/v2\/pages"}],"about":[{"href":"https:\/\/www.iacctrainings.org\/es\/wp-json\/wp\/v2\/types\/page"}],"author":[{"embeddable":true,"href":"https:\/\/www.iacctrainings.org\/es\/wp-json\/wp\/v2\/users\/1"}],"replies":[{"embeddable":true,"href":"https:\/\/www.iacctrainings.org\/es\/wp-json\/wp\/v2\/comments?post=324"}],"version-history":[{"count":0,"href":"https:\/\/www.iacctrainings.org\/es\/wp-json\/wp\/v2\/pages\/324\/revisions"}],"wp:attachment":[{"href":"https:\/\/www.iacctrainings.org\/es\/wp-json\/wp\/v2\/media?parent=324"}],"curies":[{"name":"wp","href":"https:\/\/api.w.org\/{rel}","templated":true}]}}