{"id":326,"date":"2016-09-30T22:19:38","date_gmt":"2016-10-01T02:19:38","guid":{"rendered":"http:\/\/159.203.164.238\/?page_id=326"},"modified":"2026-02-24T23:00:40","modified_gmt":"2026-02-25T04:00:40","slug":"contact-us","status":"publish","type":"page","link":"https:\/\/www.iacctrainings.org\/es\/welcome\/contact-us\/","title":{"rendered":"Cont\u00e1ctenos"},"content":{"rendered":"<div class=\"col-md-6 col-sm-12\">\n<p>Si usted es un representante de la marca y desea recibir m\u00e1s informaci\u00f3n sobre el entrenamiento del IACC para funcionarios de la ley, p\u00f3ngase en contacto con nosotros en la direcci\u00f3n indicada a continuaci\u00f3n:<\/p>\n<p>IACC<br \/>\n727 15th Street NW\u200b<br \/>\n9th Floor<br \/>\nWashington, DC 20005\u200b<\/p>\n<p>Si usted es un funcionario de la ley y desea comunicarse con nosotros para obtener m\u00e1s informaci\u00f3n sobre el entrenamiento gratuito, por favor complete el formulario de contacto para solicitar m\u00e1s informaci\u00f3n.<\/p>\n<\/div>\n<div class=\"col-md-6 col-sm-12\">\n<div class=\"wpcf7 no-js\" id=\"wpcf7-f344-o1\" lang=\"en-US\" dir=\"ltr\" data-wpcf7-id=\"344\">\n<div class=\"screen-reader-response\"><p role=\"status\" aria-live=\"polite\" aria-atomic=\"true\"><\/p> <ul><\/ul><\/div>\n<form action=\"\/es\/wp-json\/wp\/v2\/pages\/326#wpcf7-f344-o1\" method=\"post\" class=\"wpcf7-form init\" aria-label=\"Contact form\" novalidate=\"novalidate\" data-status=\"init\">\n<fieldset class=\"hidden-fields-container\"><input type=\"hidden\" name=\"_wpcf7\" value=\"344\" \/><input type=\"hidden\" name=\"_wpcf7_version\" value=\"6.1.5\" \/><input type=\"hidden\" name=\"_wpcf7_locale\" value=\"en_US\" \/><input type=\"hidden\" name=\"_wpcf7_unit_tag\" value=\"wpcf7-f344-o1\" \/><input type=\"hidden\" name=\"_wpcf7_container_post\" value=\"0\" \/><input type=\"hidden\" name=\"_wpcf7_posted_data_hash\" value=\"\" \/><input type=\"hidden\" name=\"lang\" value=\"es\" \/>\n<\/fieldset>\n<div class=\"wpcf7-turnstile cf-turnstile\" data-sitekey=\"0x4AAAAAACf9CQRsK7zDAGxv\" data-response-field-name=\"_wpcf7_turnstile_response\"><\/div>\n\n<p><label> Su Nombre (Requerido)<br \/>\n<span class=\"wpcf7-form-control-wrap\" data-name=\"your-name\"><input size=\"40\" maxlength=\"400\" class=\"wpcf7-form-control wpcf7-text wpcf7-validates-as-required\" aria-required=\"true\" aria-invalid=\"false\" value=\"\" type=\"text\" name=\"your-name\" \/><\/span> <\/label>\n<\/p>\n<p><label> Su Email (Requerido)<br \/>\n<span class=\"wpcf7-form-control-wrap\" data-name=\"your-email\"><input size=\"40\" maxlength=\"400\" class=\"wpcf7-form-control wpcf7-email wpcf7-validates-as-required wpcf7-text wpcf7-validates-as-email\" aria-required=\"true\" aria-invalid=\"false\" value=\"\" type=\"email\" name=\"your-email\" \/><\/span> <\/label>\n<\/p>\n<p><label> Su Mensaje<br \/>\n<span class=\"wpcf7-form-control-wrap\" data-name=\"your-message\"><textarea cols=\"40\" rows=\"5\" maxlength=\"2000\" class=\"wpcf7-form-control wpcf7-textarea\" aria-invalid=\"false\" name=\"your-message\"><\/textarea><\/span> <\/label>\n<\/p>\n<p>[recaptcha class:text-center]\n<\/p>\n<p><input class=\"wpcf7-form-control wpcf7-submit has-spinner\" type=\"submit\" value=\"Send\" \/>\n<\/p><div class=\"wpcf7-response-output\" aria-hidden=\"true\"><\/div>\n<\/form>\n<\/div>\n<\/div>\n","protected":false},"excerpt":{"rendered":"<p>Si usted es un representante de la marca y desea recibir m\u00e1s informaci\u00f3n sobre el entrenamiento del IACC para funcionarios de la ley, p\u00f3ngase en contacto con nosotros en la direcci\u00f3n indicada a continuaci\u00f3n: IACC 727 15th Street NW\u200b 9th Floor Washington, DC 20005\u200b Si usted es un funcionario de la ley y desea comunicarse [&hellip;]<\/p>\n","protected":false},"author":1,"featured_media":0,"parent":324,"menu_order":4,"comment_status":"closed","ping_status":"closed","template":"homepage.php","meta":{"_monsterinsights_skip_tracking":false,"_monsterinsights_sitenote_active":false,"_monsterinsights_sitenote_note":"","_monsterinsights_sitenote_category":0,"footnotes":""},"class_list":["post-326","page","type-page","status-publish","hentry"],"_links":{"self":[{"href":"https:\/\/www.iacctrainings.org\/es\/wp-json\/wp\/v2\/pages\/326","targetHints":{"allow":["GET"]}}],"collection":[{"href":"https:\/\/www.iacctrainings.org\/es\/wp-json\/wp\/v2\/pages"}],"about":[{"href":"https:\/\/www.iacctrainings.org\/es\/wp-json\/wp\/v2\/types\/page"}],"author":[{"embeddable":true,"href":"https:\/\/www.iacctrainings.org\/es\/wp-json\/wp\/v2\/users\/1"}],"replies":[{"embeddable":true,"href":"https:\/\/www.iacctrainings.org\/es\/wp-json\/wp\/v2\/comments?post=326"}],"version-history":[{"count":3,"href":"https:\/\/www.iacctrainings.org\/es\/wp-json\/wp\/v2\/pages\/326\/revisions"}],"predecessor-version":[{"id":14535,"href":"https:\/\/www.iacctrainings.org\/es\/wp-json\/wp\/v2\/pages\/326\/revisions\/14535"}],"up":[{"embeddable":true,"href":"https:\/\/www.iacctrainings.org\/es\/wp-json\/wp\/v2\/pages\/324"}],"wp:attachment":[{"href":"https:\/\/www.iacctrainings.org\/es\/wp-json\/wp\/v2\/media?parent=326"}],"curies":[{"name":"wp","href":"https:\/\/api.w.org\/{rel}","templated":true}]}}