{"id":337,"date":"2016-10-01T09:01:43","date_gmt":"2016-10-01T13:01:43","guid":{"rendered":"http:\/\/159.203.164.238\/?page_id=337"},"modified":"2018-10-05T07:47:19","modified_gmt":"2018-10-05T11:47:19","slug":"training-portal","status":"publish","type":"page","link":"https:\/\/www.iacctrainings.org\/es\/welcome\/training-portal\/","title":{"rendered":"Portal de Entrenamiento"},"content":{"rendered":"<p>El material de entrenamiento del IACC para los funcionarios de la ley es accesible electr\u00f3nicamente y a trav\u00e9s de la aplicaci\u00f3n. Este material fue dise\u00f1ado para proporcionar a oficiales registrados con acceso a informaci\u00f3n actualizada sobre la detecci\u00f3n e identificaci\u00f3n de productos falsificados.<\/p>\n","protected":false},"excerpt":{"rendered":"<p>El material de entrenamiento del IACC para los funcionarios de la ley es accesible electr\u00f3nicamente y a trav\u00e9s de la aplicaci\u00f3n. Este material fue dise\u00f1ado para proporcionar a oficiales registrados con acceso a informaci\u00f3n actualizada sobre la detecci\u00f3n e identificaci\u00f3n de productos falsificados.<\/p>\n","protected":false},"author":1,"featured_media":7394,"parent":324,"menu_order":3,"comment_status":"closed","ping_status":"closed","template":"homepage.php","meta":{"_monsterinsights_skip_tracking":false,"_monsterinsights_sitenote_active":false,"_monsterinsights_sitenote_note":"","_monsterinsights_sitenote_category":0,"footnotes":""},"class_list":["post-337","page","type-page","status-publish","has-post-thumbnail","hentry"],"_links":{"self":[{"href":"https:\/\/www.iacctrainings.org\/es\/wp-json\/wp\/v2\/pages\/337","targetHints":{"allow":["GET"]}}],"collection":[{"href":"https:\/\/www.iacctrainings.org\/es\/wp-json\/wp\/v2\/pages"}],"about":[{"href":"https:\/\/www.iacctrainings.org\/es\/wp-json\/wp\/v2\/types\/page"}],"author":[{"embeddable":true,"href":"https:\/\/www.iacctrainings.org\/es\/wp-json\/wp\/v2\/users\/1"}],"replies":[{"embeddable":true,"href":"https:\/\/www.iacctrainings.org\/es\/wp-json\/wp\/v2\/comments?post=337"}],"version-history":[{"count":0,"href":"https:\/\/www.iacctrainings.org\/es\/wp-json\/wp\/v2\/pages\/337\/revisions"}],"up":[{"embeddable":true,"href":"https:\/\/www.iacctrainings.org\/es\/wp-json\/wp\/v2\/pages\/324"}],"wp:featuredmedia":[{"embeddable":true,"href":"https:\/\/www.iacctrainings.org\/es\/wp-json\/wp\/v2\/media\/7394"}],"wp:attachment":[{"href":"https:\/\/www.iacctrainings.org\/es\/wp-json\/wp\/v2\/media?parent=337"}],"curies":[{"name":"wp","href":"https:\/\/api.w.org\/{rel}","templated":true}]}}