{"id":4605,"date":"2016-12-26T22:32:17","date_gmt":"2016-12-27T03:32:17","guid":{"rendered":"https:\/\/www.iaccfoundation.org\/?page_id=4605"},"modified":"2019-12-13T08:17:58","modified_gmt":"2019-12-13T13:17:58","slug":"app","status":"publish","type":"page","link":"https:\/\/www.iacctrainings.org\/es\/app\/","title":{"rendered":"Aplicaci\u00f3n para Tel\u00e9fono Celular"},"content":{"rendered":"<div class=\"row\">\n<div class=\"col-md-12\">La App de IACC Law Enforcement Training para iOS y Android proporciona informaci\u00f3n e identificaci\u00f3n para los participantes invitados para ayudar a identificar los productos infractores. Los usuarios ya no necesitar\u00e1n de una laptop o PC, para acceder a las actualizaciones e informaci\u00f3n de los productos.<\/div>\n<\/div>\n<div class=\"row\">\n<div class=\"col-md-6 text-center\"><img loading=\"lazy\" decoding=\"async\" class=\"img-rounded aligncenter size-medium wp-image-4649\" src=\"https:\/\/www.iacctrainings.org\/wp-content\/uploads\/app-images\/icon_640.png\" alt=\"\" width=\"300\" height=\"300\" srcset=\"https:\/\/www.iacctrainings.org\/secure_upload\/icon_640.png 640w, https:\/\/www.iacctrainings.org\/secure_upload\/icon_640-150x150.png 150w, https:\/\/www.iacctrainings.org\/secure_upload\/icon_640-300x300.png 300w, https:\/\/www.iacctrainings.org\/secure_upload\/icon_640-140x140.png 140w\" sizes=\"auto, (max-width: 300px) 100vw, 300px\" \/><\/div>\n<div class=\"col-md-6\">\n<h3>Features:<\/h3>\n<ul>\n<li>Acceso a todas las gu\u00edas de entrenamiento.<\/li>\n<li>Adaptado a varios dispositivos y formatos.<\/li>\n<li>Contenidos optimizados por claridad en las im\u00e1genes y textos.<\/li>\n<li>Navegaci\u00f3n visual mejorada de los contenidos.<\/li>\n<li>Hojas con Resumes Multi-informativos.<\/li>\n<li>Informaci\u00f3n actualizada mensualmente.<\/li>\n<\/ul>\n<\/div>\n<\/div>\n<div class=\"row\">\n<div class=\"col-md-4 col-md-offset-2 text-center\"><a href=\"https:\/\/itunes.apple.com\/us\/app\/iacc-foundation\/id1204876126\" target=\"_blank\" rel=\"noopener noreferrer\"><img loading=\"lazy\" decoding=\"async\" class=\"alignnone size-full wp-image-4639\" src=\"https:\/\/www.iacctrainings.org\/wp-content\/uploads\/app-images\/Get_it_on_iTunes_Badge_US_40px.png\" alt=\"\" width=\"110\" height=\"40\" \/><br \/>\n<\/a><\/div>\n<div class=\"col-md-4 text-center\"><a href=\"https:\/\/play.google.com\/store\/apps\/details?id=com.iaccfoundation\" target=\"_blank\" rel=\"noopener noreferrer\"><img loading=\"lazy\" decoding=\"async\" class=\"alignnone size-medium wp-image-4640\" src=\"https:\/\/www.iacctrainings.org\/wp-content\/uploads\/app-images\/google-play-badge_40px.png\" alt=\"\" width=\"134\" height=\"40\" \/><\/a><\/div>\n<\/div>\n","protected":false},"excerpt":{"rendered":"<p>La App de IACC Law Enforcement Training para iOS y Android proporciona informaci\u00f3n e identificaci\u00f3n para los participantes invitados para ayudar a identificar los productos infractores. Los usuarios ya no necesitar\u00e1n de una laptop o PC, para acceder a las actualizaciones e informaci\u00f3n de los productos. Features: Acceso a todas las gu\u00edas de entrenamiento. Adaptado [&hellip;]<\/p>\n","protected":false},"author":1,"featured_media":0,"parent":0,"menu_order":0,"comment_status":"closed","ping_status":"closed","template":"non-protected.php","meta":{"_monsterinsights_skip_tracking":false,"_monsterinsights_sitenote_active":false,"_monsterinsights_sitenote_note":"","_monsterinsights_sitenote_category":0,"footnotes":""},"class_list":["post-4605","page","type-page","status-publish","hentry"],"_links":{"self":[{"href":"https:\/\/www.iacctrainings.org\/es\/wp-json\/wp\/v2\/pages\/4605","targetHints":{"allow":["GET"]}}],"collection":[{"href":"https:\/\/www.iacctrainings.org\/es\/wp-json\/wp\/v2\/pages"}],"about":[{"href":"https:\/\/www.iacctrainings.org\/es\/wp-json\/wp\/v2\/types\/page"}],"author":[{"embeddable":true,"href":"https:\/\/www.iacctrainings.org\/es\/wp-json\/wp\/v2\/users\/1"}],"replies":[{"embeddable":true,"href":"https:\/\/www.iacctrainings.org\/es\/wp-json\/wp\/v2\/comments?post=4605"}],"version-history":[{"count":0,"href":"https:\/\/www.iacctrainings.org\/es\/wp-json\/wp\/v2\/pages\/4605\/revisions"}],"wp:attachment":[{"href":"https:\/\/www.iacctrainings.org\/es\/wp-json\/wp\/v2\/media?parent=4605"}],"curies":[{"name":"wp","href":"https:\/\/api.w.org\/{rel}","templated":true}]}}