{"id":6,"date":"2016-09-30T15:40:50","date_gmt":"2016-09-30T19:40:50","guid":{"rendered":"http:\/\/159.203.164.238\/register\/"},"modified":"2018-10-11T19:04:46","modified_gmt":"2018-10-11T23:04:46","slug":"register","status":"publish","type":"page","link":"https:\/\/www.iacctrainings.org\/es\/register\/","title":{"rendered":"Registro"},"content":{"rendered":"\n\t\t<div id=\"bts-registration-form\" class=\"col-md-10 col-md-offset-1\">\n\t\t\t<div class=\"indicator alert alert-info\" style=\"display:none;\">Por favor espere ...<\/div>\n\t\t\t<div class=\"alert result-message\" style=\"display:none;\"><\/div>\n\t\t\t<form class=\"form-horizontal registration-form\" role=\"form\">\n\t\t\t\t<div class=\"col-md-6\">\n\t\t\t\t\t<div style=\"margin-bottom:15px;\">\n\t\t\t\t\t\t<label for=\"bts_foundation_reg_name\" class=\"sr-only\">Su Nombre<\/label>\n\t\t\t\t\t\t<input type=\"text\" name=\"bts_foundation_reg_name\" id=\"bts_foundation_reg_name\" value=\"\" placeholder=\"Su Nombre\" class=\"form-control\" \/>\n\t\t\t\t\t\t<div id=\"error_foundation_reg_name\" class=\"errormessage alert alert-danger\" style=\"display:none;\"><\/div>\n\t\t\t\t\t<\/div>\n\t\t\t\t\t<div style=\"margin-bottom:15px;\">\n\t\t\t\t\t\t<label for=\"bts_foundation_reg_email\" class=\"sr-only\">Su Correo Electr\u00f3nico<\/label>\n\t\t\t\t\t\t<input type=\"email\" name=\"bts_foundation_reg_email\" id=\"bts_foundation_reg_email\" value=\"\" placeholder=\"Su Correo Electr\u00f3nico\" class=\"form-control\" \/>\n\t\t\t\t\t\t<div id=\"error_foundation_reg_email\" class=\"errormessage alert alert-danger\" style=\"display:none;\"><\/div>\n\t\t\t\t\t<\/div>\n\t\t\t\t\t<input type=\"email\" name=\"email_confirm\" id=\"email_confirm\" value=\"\" placeholder=\"Please Re-Enter Email Address\" style=\"display:none;\">\n\t\t\t\t\t<div style=\"margin-bottom:15px;\">\n\t\t\t\t\t\t<label for=\"bts_foundation_reg_pass\" class=\"sr-only\">Elija contrase\u00f1a<\/label>\n\t\t\t\t\t\t<input type=\"password\" name=\"bts_foundation_reg_pass1\" id=\"bts_foundation_reg_pass1\" value=\"\" placeholder=\"Elija contrase\u00f1a\" class=\"form-control\" \/>\n\t\t\t\t\t\t<div id=\"error_foundation_reg_pass1\" class=\"errormessage alert alert-danger\" style=\"display:none;\"><\/div>\n\t\t\t\t\t<\/div>\n\t\t\t\t\t<div style=\"margin-bottom:15px;\">\n\t\t\t\t\t\t<input type=\"password\" name=\"bts_foundation_reg_pass2\" id=\"bts_foundation_reg_pass2\" value=\"\" placeholder=\"Verificar contrase\u00f1a\" class=\"form-control\" \/>\n\t\t\t\t\t\t<div id=\"error_foundation_reg_pass2\" class=\"errormessage alert alert-danger\" style=\"display:none;\"><\/div>\n\t\t\t\t\t\t<div style=\"text-align:left;\" class=\"help-block\">Minimum 8 characters.<br \/>Must contain, uppercase and lowercase letters, numbers, and symbols.<\/div>\n\t\t\t\t\t<\/div>\n\t\t\t\t<\/div>\n\t\t\t\t<div class=\"col-md-6\">\n\t\t\t\t\t<div style=\"margin-bottom:15px;\">\n\t\t\t\t\t\t<label for=\"bts_foundation_reg_agency\" class=\"sr-only\">Nombre de la Agencia<\/label>\n\t\t\t\t\t\t<input type=\"text\" name=\"bts_foundation_reg_agency\" id=\"bts_foundation_reg_agency\" value=\"\" placeholder=\"Nombre de la Agencia\" class=\"form-control\" \/>\n\t\t\t\t\t\t<div id=\"error_foundation_reg_agency\" class=\"errormessage alert alert-danger\" style=\"display:none;\"><\/div>\n\t\t\t\t\t<\/div>\n\t\t\t\t\t<div style=\"margin-bottom:15px;\">\n\t\t\t\t\t\t<label for=\"bts_foundation_reg_title\" class=\"sr-only\">Rango \/ T\u00edtulo<\/label>\n\t\t\t\t\t\t<input type=\"text\" name=\"bts_foundation_reg_title\" id=\"bts_foundation_reg_title\" value=\"\" placeholder=\"Rango \/ T\u00edtulo\" class=\"form-control\" \/>\n\t\t\t\t\t\t<div id=\"error_foundation_reg_title\" class=\"errormessage alert alert-danger\" style=\"display:none;\"><\/div>\n\t\t\t\t\t<\/div>\n\t\t\t\t\t<div style=\"margin-bottom:15px;\">\n\t\t\t\t\t\t<label for=\"bts_foundation_reg_country\" class=\"sr-only\">Pa\u00eds<\/label>\n\t\t\t\t\t\t<select name=\"bts_foundation_reg_country\" id=\"bts_foundation_reg_country\" class=\"form-control\">\n\t\t\t\t\t\t\t<option value=\"\">Pa\u00eds<\/option><option value=\"13\">Dominican Republic<\/option><option value=\"6\">Argentina<\/option><option value=\"7\">Bolivia<\/option><option value=\"8\">Brasil<\/option><option value=\"2\">Canada<\/option><option value=\"9\">Chile<\/option><option value=\"10\">Colombia<\/option><option value=\"11\">Costa Rica<\/option><option value=\"12\">Cuba<\/option><option value=\"14\">Ecuador<\/option><option value=\"15\">El Salvador<\/option><option value=\"16\">French Guiana<\/option><option value=\"17\">Guatemala<\/option><option value=\"18\">Haiti<\/option><option value=\"19\">Honduras<\/option><option value=\"5\">Ireland<\/option><option value=\"182\">Italy<\/option><option value=\"167\">Jamaica<\/option><option value=\"3\">Mexico<\/option><option value=\"20\">Nicaragua<\/option><option value=\"21\">Panama<\/option><option value=\"22\">Paraguay<\/option><option value=\"23\">Peru<\/option><option value=\"24\">Puerto Rico<\/option><option value=\"25\">Saint Barthelemy<\/option><option value=\"4\">United States of America<\/option><option value=\"26\">Uruguay<\/option><option value=\"27\">Venezuela<\/option><\/select>\n\t\t\t\t\t\t<div id=\"error_foundation_reg_country\" class=\"errormessage alert alert-danger\" style=\"display:none;\"><\/div>\n\t\t\t\t\t<\/div>\n\t\t\t\t\t<div style=\"margin-bottom:15px;\">\n\t\t\t\t\t\t<label for=\"bts_foundation_reg_state\" class=\"sr-only\">Estado \/ Provincia<\/label>\n\t\t\t\t\t\t<input type=\"hidden\" name=\"bts_foundation_reg_state_required\" id=\"bts_foundation_reg_state_required\" value=\"1\" \/>\n\t\t\t\t\t\t<span style=\"display:none;\" id=\"loading_state\" class=\"bts-refresh-animate\">&nbsp;<\/span>\n\t\t\t\t\t\t<select name=\"bts_foundation_reg_state\" id=\"bts_foundation_reg_state\" class=\"form-control\">\n\t\t\t\t\t\t\t<option value=\"\">Estado \/ Provincia<\/option>\n\t\t\t\t\t\t<\/select>\n\t\t\t\t\t\t<div id=\"error_foundation_reg_state\" class=\"errormessage alert alert-danger\" style=\"display:none;\"><\/div>\n\t\t\t\t\t<\/div>\n\t\t\t\t\t<div style=\"margin-bottom:15px;\">\n\t\t\t\t\t\t<label for=\"bts_foundation_reg_city\" class=\"sr-only\">Ciudad<\/label>\n\t\t\t\t\t\t<input type=\"text\" name=\"bts_foundation_reg_city\" id=\"bts_foundation_reg_city\" value=\"\" placeholder=\"Ciudad\" class=\"form-control\" \/>\n\t\t\t\t\t\t<div id=\"error_foundation_reg_city\" class=\"errormessage alert alert-danger\" style=\"display:none;\"><\/div>\n\t\t\t\t\t<\/div>\n\t\t\t\t\t<div>\n\t\t\t\t\t\t<label for=\"bts_foundation_reg_mobile\" class=\"sr-only\">N\u00famero de tel\u00e9fono m\u00f3vil<\/label>\n\t\t\t\t\t\t<input type=\"text\" name=\"bts_foundation_reg_mobile\" id=\"bts_foundation_reg_mobile\" placeholder=\"N\u00famero de tel\u00e9fono m\u00f3vil\" class=\"form-control\" \/>\n\t\t\t\t\t\t<div id=\"error_foundation_reg_mobile\" class=\"errormessage alert alert-danger\" style=\"display:none;\"><\/div>\n\t\t\t\t\t<\/div>\n\t\t\t\t\t<div class=\"col-md-12\" style=\"margin-bottom:15px;\">\n\t\t\t\t\t\t<i>El IACC usar\u00e1 su n\u00famero de celular para enviarle mensajes de texto SMS para reinicializar su contrase\u00f1a solo para problemas de acceso a aplicaciones\/sitios.<\/i>\n\t\t\t\t\t<\/div>\n\t\t\t\t<\/div>\n\t\t\t\t\t<div class=\"col-md-12\" style=\"margin-bottom:15px;\">\n\t\t\t\t\t\t<center>\n\t\t\t\t\t\t\t<div class=\"cf-turnstile\" data-sitekey=\"0x4AAAAAACf9CQRsK7zDAGxv\" data-theme=\"auto\" data-size=\"normal\"><\/div>\n\t\t\t\t\t\t\t<div id=\"error_recaptcha\" class=\"errormessage alert alert-danger\" style=\"display:none;\"><\/div>\n\t\t\t\t\t\t<\/center>\n\t\t\t\t\t<\/div>\n                <div class=\"col-md-12\" style=\"margin-bottom:15px;\">\n                    <center><input type=\"hidden\" id=\"bts_foundation_reg_new_user_nonce\" name=\"bts_foundation_reg_new_user_nonce\" value=\"b70e7eeede\" \/><input type=\"hidden\" name=\"_wp_http_referer\" value=\"\/es\/wp-json\/wp\/v2\/pages\/6\" \/><input type=\"submit\" class=\"btn btn-lg btn-primary\" id=\"btn-new-user\" value=\"Reg\u00edstrese\" \/><input type=\"hidden\" name=\"bts_foundation_thankyou\" id=\"bts_foundation_thankyou\" value=\"https:\/\/www.iacctrainings.org\/es\/registration-thankyou\/\" \/>\n                    <\/center>\n                <\/div>\n\n\t\t\t<\/form>\n\t\t<\/div>\n\t\t\n","protected":false},"excerpt":{"rendered":"","protected":false},"author":1,"featured_media":0,"parent":0,"menu_order":0,"comment_status":"closed","ping_status":"closed","template":"","meta":{"_monsterinsights_skip_tracking":false,"_monsterinsights_sitenote_active":false,"_monsterinsights_sitenote_note":"","_monsterinsights_sitenote_category":0,"footnotes":""},"class_list":["post-6","page","type-page","status-publish","hentry"],"_links":{"self":[{"href":"https:\/\/www.iacctrainings.org\/es\/wp-json\/wp\/v2\/pages\/6","targetHints":{"allow":["GET"]}}],"collection":[{"href":"https:\/\/www.iacctrainings.org\/es\/wp-json\/wp\/v2\/pages"}],"about":[{"href":"https:\/\/www.iacctrainings.org\/es\/wp-json\/wp\/v2\/types\/page"}],"author":[{"embeddable":true,"href":"https:\/\/www.iacctrainings.org\/es\/wp-json\/wp\/v2\/users\/1"}],"replies":[{"embeddable":true,"href":"https:\/\/www.iacctrainings.org\/es\/wp-json\/wp\/v2\/comments?post=6"}],"version-history":[{"count":0,"href":"https:\/\/www.iacctrainings.org\/es\/wp-json\/wp\/v2\/pages\/6\/revisions"}],"wp:attachment":[{"href":"https:\/\/www.iacctrainings.org\/es\/wp-json\/wp\/v2\/media?parent=6"}],"curies":[{"name":"wp","href":"https:\/\/api.w.org\/{rel}","templated":true}]}}