{"id":322,"date":"2016-09-30T22:17:05","date_gmt":"2016-10-01T02:17:05","guid":{"rendered":"http:\/\/159.203.164.238\/?page_id=322"},"modified":"2026-03-25T15:14:44","modified_gmt":"2026-03-25T19:14:44","slug":"resources","status":"publish","type":"page","link":"https:\/\/www.iacctrainings.org\/pt\/portal\/resources\/","title":{"rendered":"Recursos"},"content":{"rendered":"<p>Este site funciona como um complemento ao treinamento dispon\u00edvel em Pen Drive, Aplicativo e CD que voce pode ter recebido em nossas sess\u00f5es mensais de treinamento. As empresas atualizam e adicionam mais informacoes a medida que novos items sejam lan\u00e7ados ou que novos recursos de seguran\u00e7a sejam introduzidos. Favor checar periodicamente pois atualiza\u00e7\u00f5es s\u00e3o realizadas no dia 01 de janeiro de cada ano. Al\u00e9m disso, esse site ter\u00e1 recursos adicionais, tais como conte\u00fado de video e material complementar n\u00e3o encontrado em outros formatos. Estaremos enviando e-mails de atualizacao, por\u00e9m ressaltamos a importancia de checar periodicamente por novidades.<\/p>\n","protected":false},"excerpt":{"rendered":"<p>Este site funciona como um complemento ao treinamento dispon\u00edvel em Pen Drive, Aplicativo e CD que voce pode ter recebido em nossas sess\u00f5es mensais de treinamento. As empresas atualizam e adicionam mais informacoes a medida que novos items sejam lan\u00e7ados ou que novos recursos de seguran\u00e7a sejam introduzidos. Favor checar periodicamente pois atualiza\u00e7\u00f5es s\u00e3o realizadas [&hellip;]<\/p>\n","protected":false},"author":1,"featured_media":7421,"parent":318,"menu_order":2,"comment_status":"closed","ping_status":"closed","template":"","meta":{"_monsterinsights_skip_tracking":false,"_monsterinsights_sitenote_active":false,"_monsterinsights_sitenote_note":"","_monsterinsights_sitenote_category":0,"footnotes":""},"class_list":["post-322","page","type-page","status-publish","has-post-thumbnail","hentry"],"_links":{"self":[{"href":"https:\/\/www.iacctrainings.org\/pt\/wp-json\/wp\/v2\/pages\/322","targetHints":{"allow":["GET"]}}],"collection":[{"href":"https:\/\/www.iacctrainings.org\/pt\/wp-json\/wp\/v2\/pages"}],"about":[{"href":"https:\/\/www.iacctrainings.org\/pt\/wp-json\/wp\/v2\/types\/page"}],"author":[{"embeddable":true,"href":"https:\/\/www.iacctrainings.org\/pt\/wp-json\/wp\/v2\/users\/1"}],"replies":[{"embeddable":true,"href":"https:\/\/www.iacctrainings.org\/pt\/wp-json\/wp\/v2\/comments?post=322"}],"version-history":[{"count":2,"href":"https:\/\/www.iacctrainings.org\/pt\/wp-json\/wp\/v2\/pages\/322\/revisions"}],"predecessor-version":[{"id":14539,"href":"https:\/\/www.iacctrainings.org\/pt\/wp-json\/wp\/v2\/pages\/322\/revisions\/14539"}],"up":[{"embeddable":true,"href":"https:\/\/www.iacctrainings.org\/pt\/wp-json\/wp\/v2\/pages\/318"}],"wp:featuredmedia":[{"embeddable":true,"href":"https:\/\/www.iacctrainings.org\/pt\/wp-json\/wp\/v2\/media\/7421"}],"wp:attachment":[{"href":"https:\/\/www.iacctrainings.org\/pt\/wp-json\/wp\/v2\/media?parent=322"}],"curies":[{"name":"wp","href":"https:\/\/api.w.org\/{rel}","templated":true}]}}