{"id":324,"date":"2016-09-30T22:18:28","date_gmt":"2016-10-01T02:18:28","guid":{"rendered":"http:\/\/159.203.164.238\/?page_id=324"},"modified":"2018-10-02T19:00:09","modified_gmt":"2018-10-02T23:00:09","slug":"welcome","status":"publish","type":"page","link":"https:\/\/www.iacctrainings.org\/pt\/","title":{"rendered":"Bem-vindo"},"content":{"rendered":"<p>Bem-vindo ao site de Treinamento da IACC para autoridades p\u00fablicas.<u><\/u><u><\/u><\/p>\n<p>O conte\u00fado deste site \u00e9 confidencial e foi criado para uso exclusivo de autoridades p\u00fablicas.\u00a0O site exibe informa\u00e7\u00f5es sobre falsifica\u00e7\u00e3o de produtos e material atualizado por titulares de marcas registradas e direitos autorais. Este site continuar\u00e1 evoluindo com a adi\u00e7\u00e3o de suas sugest\u00f5es.\u2028\u2028<u><\/u><u><\/u><\/p>\n<p>Lembramos que as suas credenciais de acesso n\u00e3o devem ser compartilhadas com outras pessoas, a fim de manter a seguran\u00e7a e integridade do site. Reservamos o direito de cancelar o acesso para os usu\u00e1rios que violarem esta pol\u00edtica. O conte\u00fado deste site \u00e9 para uso exclusivo de autoridades, n\u00e3o sendo permitido o acesso pelo p\u00fablico em geral.<\/p>\n<p>&nbsp;<\/p>\n","protected":false},"excerpt":{"rendered":"<p>Bem-vindo ao site de Treinamento da IACC para autoridades p\u00fablicas. O conte\u00fado deste site \u00e9 confidencial e foi criado para uso exclusivo de autoridades p\u00fablicas.\u00a0O site exibe informa\u00e7\u00f5es sobre falsifica\u00e7\u00e3o de produtos e material atualizado por titulares de marcas registradas e direitos autorais. Este site continuar\u00e1 evoluindo com a adi\u00e7\u00e3o de suas sugest\u00f5es.\u2028\u2028 Lembramos que [&hellip;]<\/p>\n","protected":false},"author":1,"featured_media":0,"parent":0,"menu_order":0,"comment_status":"closed","ping_status":"closed","template":"homepage.php","meta":{"_monsterinsights_skip_tracking":false,"_monsterinsights_sitenote_active":false,"_monsterinsights_sitenote_note":"","_monsterinsights_sitenote_category":0,"footnotes":""},"class_list":["post-324","page","type-page","status-publish","hentry"],"_links":{"self":[{"href":"https:\/\/www.iacctrainings.org\/pt\/wp-json\/wp\/v2\/pages\/324","targetHints":{"allow":["GET"]}}],"collection":[{"href":"https:\/\/www.iacctrainings.org\/pt\/wp-json\/wp\/v2\/pages"}],"about":[{"href":"https:\/\/www.iacctrainings.org\/pt\/wp-json\/wp\/v2\/types\/page"}],"author":[{"embeddable":true,"href":"https:\/\/www.iacctrainings.org\/pt\/wp-json\/wp\/v2\/users\/1"}],"replies":[{"embeddable":true,"href":"https:\/\/www.iacctrainings.org\/pt\/wp-json\/wp\/v2\/comments?post=324"}],"version-history":[{"count":0,"href":"https:\/\/www.iacctrainings.org\/pt\/wp-json\/wp\/v2\/pages\/324\/revisions"}],"wp:attachment":[{"href":"https:\/\/www.iacctrainings.org\/pt\/wp-json\/wp\/v2\/media?parent=324"}],"curies":[{"name":"wp","href":"https:\/\/api.w.org\/{rel}","templated":true}]}}